{"id":505,"date":"2022-01-04T10:48:21","date_gmt":"2022-01-04T10:48:21","guid":{"rendered":"https:\/\/dentistecarregouin.com\/?page_id=505"},"modified":"2024-08-13T15:57:42","modified_gmt":"2024-08-13T15:57:42","slug":"promotions","status":"publish","type":"page","link":"https:\/\/dentistecarregouin.com\/fr\/promotions","title":{"rendered":"Promotions"},"content":{"rendered":"<div data-elementor-type=\"wp-page\" data-elementor-id=\"505\" class=\"elementor elementor-505\" data-elementor-post-type=\"page\">\n\t\t\t\t\t\t<section data-exad-particle-enable=\"false\" class=\"elementor-section elementor-top-section elementor-element elementor-element-65fcfa2 elementor-section-height-min-height elementor-section-boxed elementor-section-height-default elementor-section-items-middle exad-parallax-effect-no exad-background-color-change-no exad-glass-effect-no exad-sticky-section-no\" data-id=\"65fcfa2\" data-element_type=\"section\" data-settings=\"{&quot;background_background&quot;:&quot;slideshow&quot;,&quot;background_slideshow_gallery&quot;:[{&quot;id&quot;:361,&quot;url&quot;:&quot;https:\\\/\\\/dentistecarregouin.com\\\/wp-content\\\/uploads\\\/2021\\\/12\\\/slideshow_img05.jpg&quot;},{&quot;id&quot;:362,&quot;url&quot;:&quot;https:\\\/\\\/dentistecarregouin.com\\\/wp-content\\\/uploads\\\/2021\\\/12\\\/slideshow_img07.jpg&quot;}],&quot;background_slideshow_loop&quot;:&quot;yes&quot;,&quot;background_slideshow_slide_duration&quot;:5000,&quot;background_slideshow_slide_transition&quot;:&quot;fade&quot;,&quot;background_slideshow_transition_duration&quot;:500}\">\n\t\t\t\t\t\t\t<div class=\"elementor-background-overlay\"><\/div>\n\t\t\t\t\t\t\t<div class=\"elementor-container elementor-column-gap-default\">\n\t\t\t\t\t<div class=\"elementor-column elementor-col-100 elementor-top-column elementor-element elementor-element-4e04914 exad-glass-effect-no exad-sticky-section-no\" data-id=\"4e04914\" data-element_type=\"column\">\n\t\t\t<div class=\"elementor-widget-wrap elementor-element-populated\">\n\t\t\t\t\t\t<div class=\"elementor-element elementor-element-77e030b exad-sticky-section-no exad-glass-effect-no elementor-widget elementor-widget-heading\" data-id=\"77e030b\" data-element_type=\"widget\" data-widget_type=\"heading.default\">\n\t\t\t\t<div class=\"elementor-widget-container\">\n\t\t\t\t\t<h1 class=\"elementor-heading-title elementor-size-default\">AU SERVICE D'UN MEILLEUR SOURIRE !<\/h1>\t\t\t\t<\/div>\n\t\t\t\t<\/div>\n\t\t\t\t<div class=\"elementor-element elementor-element-9852b14 exad-sticky-section-no exad-glass-effect-no elementor-widget elementor-widget-heading\" data-id=\"9852b14\" data-element_type=\"widget\" data-widget_type=\"heading.default\">\n\t\t\t\t<div class=\"elementor-widget-container\">\n\t\t\t\t\t<h2 class=\"elementor-heading-title elementor-size-default\">Offres sp\u00e9ciales \u00e0 la clinique dentaire Carr\u00e9 Gouin :<\/h2>\t\t\t\t<\/div>\n\t\t\t\t<\/div>\n\t\t\t\t<div class=\"elementor-element elementor-element-4e3a234 elementor-align-center elementor-tablet-align-center elementor-mobile-align-center exad-sticky-section-no exad-glass-effect-no elementor-widget elementor-widget-button\" data-id=\"4e3a234\" data-element_type=\"widget\" data-widget_type=\"button.default\">\n\t\t\t\t<div class=\"elementor-widget-container\">\n\t\t\t\t\t\t\t\t\t<div class=\"elementor-button-wrapper\">\n\t\t\t\t\t<a class=\"elementor-button elementor-button-link elementor-size-md\" href=\"https:\/\/dentistecarregouin.com\/fr\/contact-and-emergency\">\n\t\t\t\t\t\t<span class=\"elementor-button-content-wrapper\">\n\t\t\t\t\t\t\t\t\t<span class=\"elementor-button-text\">Prenez votre rendez-vous<\/span>\n\t\t\t\t\t<\/span>\n\t\t\t\t\t<\/a>\n\t\t\t\t<\/div>\n\t\t\t\t\t\t\t\t<\/div>\n\t\t\t\t<\/div>\n\t\t\t\t\t<\/div>\n\t\t<\/div>\n\t\t\t\t\t<\/div>\n\t\t<\/section>\n\t\t\t\t<section data-exad-particle-enable=\"false\" class=\"elementor-section elementor-top-section elementor-element elementor-element-d721543 elementor-section-boxed elementor-section-height-default elementor-section-height-default exad-parallax-effect-no exad-background-color-change-no exad-glass-effect-no exad-sticky-section-no\" data-id=\"d721543\" data-element_type=\"section\">\n\t\t\t\t\t\t<div class=\"elementor-container elementor-column-gap-default\">\n\t\t\t\t\t<div class=\"elementor-column elementor-col-100 elementor-top-column elementor-element elementor-element-a7cc23b exad-glass-effect-no exad-sticky-section-no\" data-id=\"a7cc23b\" data-element_type=\"column\">\n\t\t\t<div class=\"elementor-widget-wrap elementor-element-populated\">\n\t\t\t\t\t\t<div class=\"elementor-element elementor-element-732aa00 elementor-grid-2 promo elementor-grid-tablet-2 elementor-grid-mobile-1 elementor-posts--thumbnail-top elementor-card-shadow-yes elementor-posts__hover-gradient exad-sticky-section-no exad-glass-effect-no elementor-widget elementor-widget-posts\" data-id=\"732aa00\" data-element_type=\"widget\" id=\"promo\" data-settings=\"{&quot;cards_columns&quot;:&quot;2&quot;,&quot;cards_columns_tablet&quot;:&quot;2&quot;,&quot;cards_columns_mobile&quot;:&quot;1&quot;,&quot;cards_row_gap&quot;:{&quot;unit&quot;:&quot;px&quot;,&quot;size&quot;:35,&quot;sizes&quot;:[]},&quot;cards_row_gap_tablet&quot;:{&quot;unit&quot;:&quot;px&quot;,&quot;size&quot;:&quot;&quot;,&quot;sizes&quot;:[]},&quot;cards_row_gap_mobile&quot;:{&quot;unit&quot;:&quot;px&quot;,&quot;size&quot;:&quot;&quot;,&quot;sizes&quot;:[]}}\" data-widget_type=\"posts.cards\">\n\t\t\t\t<div class=\"elementor-widget-container\">\n\t\t\t\t\t\t\t<div class=\"elementor-posts-container elementor-posts elementor-posts--skin-cards elementor-grid\" role=\"list\">\n\t\t\t\t<article class=\"elementor-post elementor-grid-item post-839 post type-post status-publish format-standard has-post-thumbnail hentry category-promotions\" role=\"listitem\">\n\t\t\t<div class=\"elementor-post__card\">\n\t\t\t\t<a class=\"elementor-post__thumbnail__link\" href=\"https:\/\/dentistecarregouin.com\/fr\/free-implant-consultation\" tabindex=\"-1\" ><div class=\"elementor-post__thumbnail\"><img fetchpriority=\"high\" decoding=\"async\" width=\"676\" height=\"457\" src=\"https:\/\/dentistecarregouin.com\/wp-content\/uploads\/2022\/02\/Implants.webp\" class=\"attachment-full size-full wp-image-1105\" alt=\"\" srcset=\"https:\/\/dentistecarregouin.com\/wp-content\/uploads\/2022\/02\/Implants.webp 676w, https:\/\/dentistecarregouin.com\/wp-content\/uploads\/2022\/02\/Implants-300x203.webp 300w, https:\/\/dentistecarregouin.com\/wp-content\/uploads\/2022\/02\/Implants-18x12.webp 18w\" sizes=\"(max-width: 676px) 100vw, 676px\" \/><\/div><\/a>\n\t\t\t\t<div class=\"elementor-post__text\">\n\t\t\t\t<h3 class=\"elementor-post__title\">\n\t\t\t<a href=\"https:\/\/dentistecarregouin.com\/fr\/free-implant-consultation\" >\n\t\t\t\tConsultation gratuite implants\t\t\t<\/a>\n\t\t<\/h3>\n\t\t\t\t<div class=\"elementor-post__excerpt\">\n\t\t\t<p>Rendez-nous visite et pr\u00e9sentez le code <b>Relief<\/b>.<br \/>\nVous h\u00e9sitez comment remplacer vos dents manquantes? Beaucoup de possibilit\u00e9s mais peu d\u2019explications? Venez nous voir pour une consultation gratuite. \u00c7a ne vous engage \u00e0 rien et \u00e7a vous permet de d\u00e9mystifier les diff\u00e9rentes options qui existent pour remplacer vos dents manquantes.<br \/>\nLikez, suivez et partagez notre page Facebook.<\/p>\n\t\t<\/div>\n\t\t\t\t<\/div>\n\t\t\t\t\t<\/div>\n\t\t<\/article>\n\t\t\t\t<article class=\"elementor-post elementor-grid-item post-508 post type-post status-publish format-standard has-post-thumbnail hentry category-promotions\" role=\"listitem\">\n\t\t\t<div class=\"elementor-post__card\">\n\t\t\t\t<a class=\"elementor-post__thumbnail__link\" href=\"https:\/\/dentistecarregouin.com\/fr\/free-invisalign-consultation\" tabindex=\"-1\" ><div class=\"elementor-post__thumbnail\"><img decoding=\"async\" width=\"1920\" height=\"1280\" src=\"https:\/\/dentistecarregouin.com\/wp-content\/uploads\/2021\/12\/Adults-out-on-Town-6.jpg\" class=\"attachment-full size-full wp-image-260\" alt=\"\" srcset=\"https:\/\/dentistecarregouin.com\/wp-content\/uploads\/2021\/12\/Adults-out-on-Town-6.jpg 1920w, https:\/\/dentistecarregouin.com\/wp-content\/uploads\/2021\/12\/Adults-out-on-Town-6-300x200.jpg 300w, https:\/\/dentistecarregouin.com\/wp-content\/uploads\/2021\/12\/Adults-out-on-Town-6-1024x683.jpg 1024w, https:\/\/dentistecarregouin.com\/wp-content\/uploads\/2021\/12\/Adults-out-on-Town-6-768x512.jpg 768w, https:\/\/dentistecarregouin.com\/wp-content\/uploads\/2021\/12\/Adults-out-on-Town-6-1536x1024.jpg 1536w, https:\/\/dentistecarregouin.com\/wp-content\/uploads\/2021\/12\/Adults-out-on-Town-6-18x12.jpg 18w\" sizes=\"(max-width: 1920px) 100vw, 1920px\" \/><\/div><\/a>\n\t\t\t\t<div class=\"elementor-post__text\">\n\t\t\t\t<h3 class=\"elementor-post__title\">\n\t\t\t<a href=\"https:\/\/dentistecarregouin.com\/fr\/free-invisalign-consultation\" >\n\t\t\t\tConsultation gratuite Invisalign.\t\t\t<\/a>\n\t\t<\/h3>\n\t\t\t\t<div class=\"elementor-post__excerpt\">\n\t\t\t<p>Rendez-nous visite et pr\u00e9sentez le code <b>SMILE<\/b>.<br \/>\nPr\u00e9parez vous a quelque chose d\u2019exceptionnel. Commen\u00e7ons par votre sourire. Ayez des dents droites et bien align\u00e9es avec des goutti\u00e8res transparentes, ni vu ni connu. Venez nous voir pour une consultation invisalign sans frais et discutez avec notre dentiste des diff\u00e9rentes options qui se pr\u00e9sentent \u00e0 vous.<br \/>\nLikez, suivez et partagez notre page Facebook.<\/p>\n\t\t<\/div>\n\t\t\t\t<\/div>\n\t\t\t\t\t<\/div>\n\t\t<\/article>\n\t\t\t\t<\/div>\n\t\t\n\t\t\t\t\t\t<\/div>\n\t\t\t\t<\/div>\n\t\t\t\t<div class=\"elementor-element elementor-element-4a464be elementor-align-center elementor-mobile-align-center exad-sticky-section-no exad-glass-effect-no elementor-widget elementor-widget-button\" data-id=\"4a464be\" data-element_type=\"widget\" data-widget_type=\"button.default\">\n\t\t\t\t<div class=\"elementor-widget-container\">\n\t\t\t\t\t\t\t\t\t<div class=\"elementor-button-wrapper\">\n\t\t\t\t\t<a class=\"elementor-button elementor-button-link elementor-size-md\" href=\"https:\/\/dentistecarregouin.com\/fr\/contact-and-emergency\">\n\t\t\t\t\t\t<span class=\"elementor-button-content-wrapper\">\n\t\t\t\t\t\t\t\t\t<span class=\"elementor-button-text\">R\u00e9clamer votre offre<\/span>\n\t\t\t\t\t<\/span>\n\t\t\t\t\t<\/a>\n\t\t\t\t<\/div>\n\t\t\t\t\t\t\t\t<\/div>\n\t\t\t\t<\/div>\n\t\t\t\t\t<\/div>\n\t\t<\/div>\n\t\t\t\t\t<\/div>\n\t\t<\/section>\n\t\t\t\t<\/div>","protected":false},"excerpt":{"rendered":"<p>SERVING A BETTER SMILE! Special offers at Carr\u00e9 Gouin dental clinic: Book your appointment Claim your offer<\/p>","protected":false},"author":1,"featured_media":0,"parent":0,"menu_order":0,"comment_status":"closed","ping_status":"closed","template":"","meta":{"footnotes":""},"class_list":["post-505","page","type-page","status-publish","hentry"],"yoast_head":"<!-- This site is optimized with the Yoast SEO plugin v26.3 - https:\/\/yoast.com\/wordpress\/plugins\/seo\/ -->\n<title>Promotions - Dentiste Carr\u00e9 Gouin<\/title>\n<meta name=\"robots\" content=\"index, follow, max-snippet:-1, max-image-preview:large, max-video-preview:-1\" \/>\n<link rel=\"canonical\" href=\"https:\/\/dentistecarregouin.com\/fr\/promotions\" \/>\n<meta property=\"og:locale\" content=\"fr_CA\" \/>\n<meta property=\"og:type\" content=\"article\" \/>\n<meta property=\"og:title\" content=\"Promotions - Dentiste Carr\u00e9 Gouin\" \/>\n<meta property=\"og:description\" content=\"SERVING A BETTER SMILE! Special offers at Carr\u00e9 Gouin dental clinic: Book your appointment Claim your offer\" \/>\n<meta property=\"og:url\" content=\"https:\/\/dentistecarregouin.com\/fr\/promotions\" \/>\n<meta property=\"og:site_name\" content=\"Dentiste Carr\u00e9 Gouin\" \/>\n<meta property=\"article:modified_time\" content=\"2024-08-13T15:57:42+00:00\" \/>\n<meta name=\"twitter:card\" content=\"summary_large_image\" \/>\n<script type=\"application\/ld+json\" class=\"yoast-schema-graph\">{\"@context\":\"https:\/\/schema.org\",\"@graph\":[{\"@type\":\"WebPage\",\"@id\":\"https:\/\/dentistecarregouin.com\/fr\/promotions\",\"url\":\"https:\/\/dentistecarregouin.com\/fr\/promotions\",\"name\":\"Promotions - Dentiste Carr\u00e9 Gouin\",\"isPartOf\":{\"@id\":\"https:\/\/dentistecarregouin.com\/fr\/#website\"},\"datePublished\":\"2022-01-04T10:48:21+00:00\",\"dateModified\":\"2024-08-13T15:57:42+00:00\",\"breadcrumb\":{\"@id\":\"https:\/\/dentistecarregouin.com\/fr\/promotions#breadcrumb\"},\"inLanguage\":\"fr-CA\",\"potentialAction\":[{\"@type\":\"ReadAction\",\"target\":[\"https:\/\/dentistecarregouin.com\/fr\/promotions\"]}]},{\"@type\":\"BreadcrumbList\",\"@id\":\"https:\/\/dentistecarregouin.com\/fr\/promotions#breadcrumb\",\"itemListElement\":[{\"@type\":\"ListItem\",\"position\":1,\"name\":\"Accueil\",\"item\":\"https:\/\/dentistecarregouin.com\/\"},{\"@type\":\"ListItem\",\"position\":2,\"name\":\"Promotions\"}]},{\"@type\":\"WebSite\",\"@id\":\"https:\/\/dentistecarregouin.com\/fr\/#website\",\"url\":\"https:\/\/dentistecarregouin.com\/fr\/\",\"name\":\"Clinique dentaire Carr\u00e9 Gouin\",\"description\":\"La clinique dentaire de votre famille\",\"publisher\":{\"@id\":\"https:\/\/dentistecarregouin.com\/fr\/#organization\"},\"potentialAction\":[{\"@type\":\"SearchAction\",\"target\":{\"@type\":\"EntryPoint\",\"urlTemplate\":\"https:\/\/dentistecarregouin.com\/fr\/?s={search_term_string}\"},\"query-input\":{\"@type\":\"PropertyValueSpecification\",\"valueRequired\":true,\"valueName\":\"search_term_string\"}}],\"inLanguage\":\"fr-CA\"},{\"@type\":\"Organization\",\"@id\":\"https:\/\/dentistecarregouin.com\/fr\/#organization\",\"name\":\"Clinique dentaire Carr\u00e9 Gouin\",\"url\":\"https:\/\/dentistecarregouin.com\/fr\/\",\"logo\":{\"@type\":\"ImageObject\",\"inLanguage\":\"fr-CA\",\"@id\":\"https:\/\/dentistecarregouin.com\/fr\/#\/schema\/logo\/image\/\",\"url\":\"https:\/\/dentistecarregouin.com\/wp-content\/uploads\/2021\/12\/CliniquesNayla_GouinColorENG@300x.png\",\"contentUrl\":\"https:\/\/dentistecarregouin.com\/wp-content\/uploads\/2021\/12\/CliniquesNayla_GouinColorENG@300x.png\",\"width\":1450,\"height\":376,\"caption\":\"Clinique dentaire Carr\u00e9 Gouin\"},\"image\":{\"@id\":\"https:\/\/dentistecarregouin.com\/fr\/#\/schema\/logo\/image\/\"}}]}<\/script>\n<!-- \/ Yoast SEO plugin. -->","yoast_head_json":{"title":"Promotions - Dentiste Carr\u00e9 Gouin","robots":{"index":"index","follow":"follow","max-snippet":"max-snippet:-1","max-image-preview":"max-image-preview:large","max-video-preview":"max-video-preview:-1"},"canonical":"https:\/\/dentistecarregouin.com\/fr\/promotions","og_locale":"fr_CA","og_type":"article","og_title":"Promotions - Dentiste Carr\u00e9 Gouin","og_description":"SERVING A BETTER SMILE! Special offers at Carr\u00e9 Gouin dental clinic: Book your appointment Claim your offer","og_url":"https:\/\/dentistecarregouin.com\/fr\/promotions","og_site_name":"Dentiste Carr\u00e9 Gouin","article_modified_time":"2024-08-13T15:57:42+00:00","twitter_card":"summary_large_image","schema":{"@context":"https:\/\/schema.org","@graph":[{"@type":"WebPage","@id":"https:\/\/dentistecarregouin.com\/fr\/promotions","url":"https:\/\/dentistecarregouin.com\/fr\/promotions","name":"Promotions - Dentiste Carr\u00e9 Gouin","isPartOf":{"@id":"https:\/\/dentistecarregouin.com\/fr\/#website"},"datePublished":"2022-01-04T10:48:21+00:00","dateModified":"2024-08-13T15:57:42+00:00","breadcrumb":{"@id":"https:\/\/dentistecarregouin.com\/fr\/promotions#breadcrumb"},"inLanguage":"fr-CA","potentialAction":[{"@type":"ReadAction","target":["https:\/\/dentistecarregouin.com\/fr\/promotions"]}]},{"@type":"BreadcrumbList","@id":"https:\/\/dentistecarregouin.com\/fr\/promotions#breadcrumb","itemListElement":[{"@type":"ListItem","position":1,"name":"Accueil","item":"https:\/\/dentistecarregouin.com\/"},{"@type":"ListItem","position":2,"name":"Promotions"}]},{"@type":"WebSite","@id":"https:\/\/dentistecarregouin.com\/fr\/#website","url":"https:\/\/dentistecarregouin.com\/fr\/","name":"Clinique dentaire Carr\u00e9 Gouin","description":"La clinique dentaire de votre famille","publisher":{"@id":"https:\/\/dentistecarregouin.com\/fr\/#organization"},"potentialAction":[{"@type":"SearchAction","target":{"@type":"EntryPoint","urlTemplate":"https:\/\/dentistecarregouin.com\/fr\/?s={search_term_string}"},"query-input":{"@type":"PropertyValueSpecification","valueRequired":true,"valueName":"search_term_string"}}],"inLanguage":"fr-CA"},{"@type":"Organization","@id":"https:\/\/dentistecarregouin.com\/fr\/#organization","name":"Clinique dentaire Carr\u00e9 Gouin","url":"https:\/\/dentistecarregouin.com\/fr\/","logo":{"@type":"ImageObject","inLanguage":"fr-CA","@id":"https:\/\/dentistecarregouin.com\/fr\/#\/schema\/logo\/image\/","url":"https:\/\/dentistecarregouin.com\/wp-content\/uploads\/2021\/12\/CliniquesNayla_GouinColorENG@300x.png","contentUrl":"https:\/\/dentistecarregouin.com\/wp-content\/uploads\/2021\/12\/CliniquesNayla_GouinColorENG@300x.png","width":1450,"height":376,"caption":"Clinique dentaire Carr\u00e9 Gouin"},"image":{"@id":"https:\/\/dentistecarregouin.com\/fr\/#\/schema\/logo\/image\/"}}]}},"_links":{"self":[{"href":"https:\/\/dentistecarregouin.com\/fr\/wp-json\/wp\/v2\/pages\/505","targetHints":{"allow":["GET"]}}],"collection":[{"href":"https:\/\/dentistecarregouin.com\/fr\/wp-json\/wp\/v2\/pages"}],"about":[{"href":"https:\/\/dentistecarregouin.com\/fr\/wp-json\/wp\/v2\/types\/page"}],"author":[{"embeddable":true,"href":"https:\/\/dentistecarregouin.com\/fr\/wp-json\/wp\/v2\/users\/1"}],"replies":[{"embeddable":true,"href":"https:\/\/dentistecarregouin.com\/fr\/wp-json\/wp\/v2\/comments?post=505"}],"version-history":[{"count":40,"href":"https:\/\/dentistecarregouin.com\/fr\/wp-json\/wp\/v2\/pages\/505\/revisions"}],"predecessor-version":[{"id":1155,"href":"https:\/\/dentistecarregouin.com\/fr\/wp-json\/wp\/v2\/pages\/505\/revisions\/1155"}],"wp:attachment":[{"href":"https:\/\/dentistecarregouin.com\/fr\/wp-json\/wp\/v2\/media?parent=505"}],"curies":[{"name":"wp","href":"https:\/\/api.w.org\/{rel}","templated":true}]}}